{"id":12,"date":"2026-03-26T13:16:29","date_gmt":"2026-03-26T13:16:29","guid":{"rendered":"http:\/\/arsenalvej.dk\/?page_id=12"},"modified":"2026-03-26T13:16:29","modified_gmt":"2026-03-26T13:16:29","slug":"kontakt","status":"publish","type":"page","link":"https:\/\/arsenalvej.dk\/index.php\/kontakt\/","title":{"rendered":"Kontakt"},"content":{"rendered":"\n<p>Dette er en side med basale kontaktinformationer, s\u00e5som adresse og telefonnummer. Du kan ogs\u00e5 pr\u00f8ve at tilf\u00f8je en kontaktformular her med et plugin.<\/p>\n","protected":false},"excerpt":{"rendered":"<p>Dette er en side med basale kontaktinformationer, s\u00e5som adresse og telefonnummer. Du kan ogs\u00e5 pr\u00f8ve at tilf\u00f8je en kontaktformular her med et plugin.<\/p>\n","protected":false},"author":1,"featured_media":7,"parent":0,"menu_order":0,"comment_status":"closed","ping_status":"closed","template":"","meta":{"footnotes":""},"class_list":["post-12","page","type-page","status-publish","has-post-thumbnail","hentry"],"_links":{"self":[{"href":"https:\/\/arsenalvej.dk\/index.php\/wp-json\/wp\/v2\/pages\/12","targetHints":{"allow":["GET"]}}],"collection":[{"href":"https:\/\/arsenalvej.dk\/index.php\/wp-json\/wp\/v2\/pages"}],"about":[{"href":"https:\/\/arsenalvej.dk\/index.php\/wp-json\/wp\/v2\/types\/page"}],"author":[{"embeddable":true,"href":"https:\/\/arsenalvej.dk\/index.php\/wp-json\/wp\/v2\/users\/1"}],"replies":[{"embeddable":true,"href":"https:\/\/arsenalvej.dk\/index.php\/wp-json\/wp\/v2\/comments?post=12"}],"version-history":[{"count":1,"href":"https:\/\/arsenalvej.dk\/index.php\/wp-json\/wp\/v2\/pages\/12\/revisions"}],"predecessor-version":[{"id":18,"href":"https:\/\/arsenalvej.dk\/index.php\/wp-json\/wp\/v2\/pages\/12\/revisions\/18"}],"wp:featuredmedia":[{"embeddable":true,"href":"https:\/\/arsenalvej.dk\/index.php\/wp-json\/wp\/v2\/media\/7"}],"wp:attachment":[{"href":"https:\/\/arsenalvej.dk\/index.php\/wp-json\/wp\/v2\/media?parent=12"}],"curies":[{"name":"wp","href":"https:\/\/api.w.org\/{rel}","templated":true}]}}